{"id":671,"date":"2023-07-15T18:25:32","date_gmt":"2023-07-15T18:25:32","guid":{"rendered":"https:\/\/molinoscabrera.com\/?post_type=product&#038;p=671"},"modified":"2026-03-12T08:39:38","modified_gmt":"2026-03-12T08:39:38","slug":"molino-cabrera-4","status":"publish","type":"product","link":"https:\/\/molinoscabrera.com\/index.php\/product\/molino-cabrera-4\/","title":{"rendered":"MOLINO CABRERA 4"},"content":{"rendered":"<ul>\n<li>\n<blockquote><p><strong><span style=\"vertical-align: inherit;\"><span style=\"vertical-align: inherit;\">6MEDIDA:<\/span><\/span><\/strong><\/p><\/blockquote>\n<p><span style=\"vertical-align: inherit;\"><span style=\"vertical-align: inherit;\"> \u00a055cm x 52cm x 47cm<\/span><\/span><\/li>\n<li><strong><span style=\"vertical-align: inherit;\"><span style=\"vertical-align: inherit;\">PESO:<\/span><\/span><\/strong><span style=\"vertical-align: inherit;\"><span style=\"vertical-align: inherit;\"> \u00a018 Kgs<\/span><\/span><\/li>\n<li><strong><span style=\"vertical-align: inherit;\"><span style=\"vertical-align: inherit;\">MOTOR:<\/span><\/span><\/strong><span style=\"vertical-align: inherit;\"><span style=\"vertical-align: inherit;\"> 1 HP<\/span><\/span><\/li>\n<li><b><span style=\"vertical-align: inherit;\"><span style=\"vertical-align: inherit;\">BASE DE PT<\/span><\/span><\/b><\/li>\n<li><strong><span style=\"vertical-align: inherit;\"><span style=\"vertical-align: inherit;\">VOLTAJE:<\/span><\/span><\/strong><span style=\"vertical-align: inherit;\"><span style=\"vertical-align: inherit;\"> \u00a0120 V \u2013 60 HZ<\/span><\/span><\/li>\n<li><strong><span style=\"vertical-align: inherit;\"><span style=\"vertical-align: inherit;\">VELOCIDADES:<\/span><\/span><\/strong><span style=\"vertical-align: inherit;\"><span style=\"vertical-align: inherit;\"> \u00a01<\/span><\/span><\/li>\n<li><span style=\"vertical-align: inherit;\"><span style=\"vertical-align: inherit;\">Reductor compuesto por una corona de motores y un sinf\u00edn para reducir la velocidad del motor de 1700 RPM a 85 RPM, logrando que sea dom\u00e9stico y se conecte a cualquier toma de corriente el\u00e9ctrica.<\/span><\/span><\/li>\n<\/ul>\n","protected":false},"excerpt":{"rendered":"<p>6MEDIDA: \u00a055cm x 52cm x 47cm PESO: \u00a018 Kgs MOTOR: 1 HP BASE DE PT VOLTAJE: \u00a0120 V \u2013 60 HZ VELOCIDADES: \u00a01 Reductor compuesto por una corona de motores y un sinf\u00edn para reducir la velocidad del motor de 1700 RPM a 85 RPM, logrando que sea dom\u00e9stico y se conecte a cualquier toma &hellip;<\/p>\n<p class=\"read-more\"> <a class=\"\" href=\"https:\/\/molinoscabrera.com\/index.php\/product\/molino-cabrera-4\/\"> <span class=\"screen-reader-text\">MOLINO CABRERA 4<\/span> Read More &raquo;<\/a><\/p>\n","protected":false},"featured_media":672,"comment_status":"open","ping_status":"closed","template":"","meta":{"site-sidebar-layout":"default","site-content-layout":"default","ast-global-header-display":"","ast-banner-title-visibility":"","ast-main-header-display":"","ast-hfb-above-header-display":"","ast-hfb-below-header-display":"","ast-hfb-mobile-header-display":"","site-post-title":"","ast-breadcrumbs-content":"","ast-featured-img":"","footer-sml-layout":"","theme-transparent-header-meta":"default","adv-header-id-meta":"","stick-header-meta":"","header-above-stick-meta":"","header-main-stick-meta":"","header-below-stick-meta":"","_joinchat":[]},"product_cat":[21],"product_tag":[25],"yoast_head":"<!-- This site is optimized with the Yoast SEO plugin v20.12 - https:\/\/yoast.com\/wordpress\/plugins\/seo\/ -->\n<title>MOLINO CABRERA 4 - molinoscabrera.com<\/title>\n<meta name=\"robots\" content=\"index, follow, max-snippet:-1, max-image-preview:large, max-video-preview:-1\" \/>\n<link rel=\"canonical\" href=\"https:\/\/molinoscabrera.com\/index.php\/product\/molino-cabrera-4\/\" \/>\n<meta property=\"og:locale\" content=\"en_US\" \/>\n<meta property=\"og:type\" content=\"article\" \/>\n<meta property=\"og:title\" content=\"MOLINO CABRERA 4 - molinoscabrera.com\" \/>\n<meta property=\"og:description\" content=\"6MEDIDA: \u00a055cm x 52cm x 47cm PESO: \u00a018 Kgs MOTOR: 1 HP BASE DE PT VOLTAJE: \u00a0120 V \u2013 60 HZ VELOCIDADES: \u00a01 Reductor compuesto por una corona de motores y un sinf\u00edn para reducir la velocidad del motor de 1700 RPM a 85 RPM, logrando que sea dom\u00e9stico y se conecte a cualquier toma &hellip; MOLINO CABRERA 4 Read More &raquo;\" \/>\n<meta property=\"og:url\" content=\"https:\/\/molinoscabrera.com\/index.php\/product\/molino-cabrera-4\/\" \/>\n<meta property=\"og:site_name\" content=\"molinoscabrera.com\" \/>\n<meta property=\"article:modified_time\" content=\"2026-03-12T08:39:38+00:00\" \/>\n<meta property=\"og:image\" content=\"http:\/\/molinoscabrera.com\/wp-content\/uploads\/2023\/07\/CABRERA-4-scaled.jpg\" \/>\n\t<meta property=\"og:image:width\" content=\"2560\" \/>\n\t<meta property=\"og:image:height\" content=\"2560\" \/>\n\t<meta property=\"og:image:type\" content=\"image\/jpeg\" \/>\n<meta name=\"twitter:card\" content=\"summary_large_image\" \/>\n<meta name=\"twitter:label1\" content=\"Est. reading time\" \/>\n\t<meta name=\"twitter:data1\" content=\"1 minute\" \/>\n<script type=\"application\/ld+json\" class=\"yoast-schema-graph\">{\"@context\":\"https:\/\/schema.org\",\"@graph\":[{\"@type\":\"WebPage\",\"@id\":\"https:\/\/molinoscabrera.com\/index.php\/product\/molino-cabrera-4\/\",\"url\":\"https:\/\/molinoscabrera.com\/index.php\/product\/molino-cabrera-4\/\",\"name\":\"MOLINO CABRERA 4 - molinoscabrera.com\",\"isPartOf\":{\"@id\":\"https:\/\/molinoscabrera.com\/#website\"},\"datePublished\":\"2023-07-15T18:25:32+00:00\",\"dateModified\":\"2026-03-12T08:39:38+00:00\",\"breadcrumb\":{\"@id\":\"https:\/\/molinoscabrera.com\/index.php\/product\/molino-cabrera-4\/#breadcrumb\"},\"inLanguage\":\"en-US\",\"potentialAction\":[{\"@type\":\"ReadAction\",\"target\":[\"https:\/\/molinoscabrera.com\/index.php\/product\/molino-cabrera-4\/\"]}]},{\"@type\":\"BreadcrumbList\",\"@id\":\"https:\/\/molinoscabrera.com\/index.php\/product\/molino-cabrera-4\/#breadcrumb\",\"itemListElement\":[{\"@type\":\"ListItem\",\"position\":1,\"name\":\"Inicio\",\"item\":\"https:\/\/molinoscabrera.com\/\"},{\"@type\":\"ListItem\",\"position\":2,\"name\":\"TIENDA\",\"item\":\"https:\/\/molinoscabrera.com\/index.php\/tienda\/\"},{\"@type\":\"ListItem\",\"position\":3,\"name\":\"MOLINO CABRERA 4\"}]},{\"@type\":\"WebSite\",\"@id\":\"https:\/\/molinoscabrera.com\/#website\",\"url\":\"https:\/\/molinoscabrera.com\/\",\"name\":\"molinoscabrera.com\",\"description\":\"\",\"publisher\":{\"@id\":\"https:\/\/molinoscabrera.com\/#organization\"},\"potentialAction\":[{\"@type\":\"SearchAction\",\"target\":{\"@type\":\"EntryPoint\",\"urlTemplate\":\"https:\/\/molinoscabrera.com\/?s={search_term_string}\"},\"query-input\":\"required name=search_term_string\"}],\"inLanguage\":\"en-US\"},{\"@type\":\"Organization\",\"@id\":\"https:\/\/molinoscabrera.com\/#organization\",\"name\":\"molinoscabrera.com\",\"url\":\"https:\/\/molinoscabrera.com\/\",\"logo\":{\"@type\":\"ImageObject\",\"inLanguage\":\"en-US\",\"@id\":\"https:\/\/molinoscabrera.com\/#\/schema\/logo\/image\/\",\"url\":\"https:\/\/molinoscabrera.com\/wp-content\/uploads\/2023\/06\/DDE1-1.png\",\"contentUrl\":\"https:\/\/molinoscabrera.com\/wp-content\/uploads\/2023\/06\/DDE1-1.png\",\"width\":966,\"height\":506,\"caption\":\"molinoscabrera.com\"},\"image\":{\"@id\":\"https:\/\/molinoscabrera.com\/#\/schema\/logo\/image\/\"}}]}<\/script>\n<!-- \/ Yoast SEO plugin. -->","yoast_head_json":{"title":"MOLINO CABRERA 4 - molinoscabrera.com","robots":{"index":"index","follow":"follow","max-snippet":"max-snippet:-1","max-image-preview":"max-image-preview:large","max-video-preview":"max-video-preview:-1"},"canonical":"https:\/\/molinoscabrera.com\/index.php\/product\/molino-cabrera-4\/","og_locale":"en_US","og_type":"article","og_title":"MOLINO CABRERA 4 - molinoscabrera.com","og_description":"6MEDIDA: \u00a055cm x 52cm x 47cm PESO: \u00a018 Kgs MOTOR: 1 HP BASE DE PT VOLTAJE: \u00a0120 V \u2013 60 HZ VELOCIDADES: \u00a01 Reductor compuesto por una corona de motores y un sinf\u00edn para reducir la velocidad del motor de 1700 RPM a 85 RPM, logrando que sea dom\u00e9stico y se conecte a cualquier toma &hellip; MOLINO CABRERA 4 Read More &raquo;","og_url":"https:\/\/molinoscabrera.com\/index.php\/product\/molino-cabrera-4\/","og_site_name":"molinoscabrera.com","article_modified_time":"2026-03-12T08:39:38+00:00","og_image":[{"width":2560,"height":2560,"url":"http:\/\/molinoscabrera.com\/wp-content\/uploads\/2023\/07\/CABRERA-4-scaled.jpg","type":"image\/jpeg"}],"twitter_card":"summary_large_image","twitter_misc":{"Est. reading time":"1 minute"},"schema":{"@context":"https:\/\/schema.org","@graph":[{"@type":"WebPage","@id":"https:\/\/molinoscabrera.com\/index.php\/product\/molino-cabrera-4\/","url":"https:\/\/molinoscabrera.com\/index.php\/product\/molino-cabrera-4\/","name":"MOLINO CABRERA 4 - molinoscabrera.com","isPartOf":{"@id":"https:\/\/molinoscabrera.com\/#website"},"datePublished":"2023-07-15T18:25:32+00:00","dateModified":"2026-03-12T08:39:38+00:00","breadcrumb":{"@id":"https:\/\/molinoscabrera.com\/index.php\/product\/molino-cabrera-4\/#breadcrumb"},"inLanguage":"en-US","potentialAction":[{"@type":"ReadAction","target":["https:\/\/molinoscabrera.com\/index.php\/product\/molino-cabrera-4\/"]}]},{"@type":"BreadcrumbList","@id":"https:\/\/molinoscabrera.com\/index.php\/product\/molino-cabrera-4\/#breadcrumb","itemListElement":[{"@type":"ListItem","position":1,"name":"Inicio","item":"https:\/\/molinoscabrera.com\/"},{"@type":"ListItem","position":2,"name":"TIENDA","item":"https:\/\/molinoscabrera.com\/index.php\/tienda\/"},{"@type":"ListItem","position":3,"name":"MOLINO CABRERA 4"}]},{"@type":"WebSite","@id":"https:\/\/molinoscabrera.com\/#website","url":"https:\/\/molinoscabrera.com\/","name":"molinoscabrera.com","description":"","publisher":{"@id":"https:\/\/molinoscabrera.com\/#organization"},"potentialAction":[{"@type":"SearchAction","target":{"@type":"EntryPoint","urlTemplate":"https:\/\/molinoscabrera.com\/?s={search_term_string}"},"query-input":"required name=search_term_string"}],"inLanguage":"en-US"},{"@type":"Organization","@id":"https:\/\/molinoscabrera.com\/#organization","name":"molinoscabrera.com","url":"https:\/\/molinoscabrera.com\/","logo":{"@type":"ImageObject","inLanguage":"en-US","@id":"https:\/\/molinoscabrera.com\/#\/schema\/logo\/image\/","url":"https:\/\/molinoscabrera.com\/wp-content\/uploads\/2023\/06\/DDE1-1.png","contentUrl":"https:\/\/molinoscabrera.com\/wp-content\/uploads\/2023\/06\/DDE1-1.png","width":966,"height":506,"caption":"molinoscabrera.com"},"image":{"@id":"https:\/\/molinoscabrera.com\/#\/schema\/logo\/image\/"}}]}},"_links":{"self":[{"href":"https:\/\/molinoscabrera.com\/index.php\/wp-json\/wp\/v2\/product\/671"}],"collection":[{"href":"https:\/\/molinoscabrera.com\/index.php\/wp-json\/wp\/v2\/product"}],"about":[{"href":"https:\/\/molinoscabrera.com\/index.php\/wp-json\/wp\/v2\/types\/product"}],"replies":[{"embeddable":true,"href":"https:\/\/molinoscabrera.com\/index.php\/wp-json\/wp\/v2\/comments?post=671"}],"wp:featuredmedia":[{"embeddable":true,"href":"https:\/\/molinoscabrera.com\/index.php\/wp-json\/wp\/v2\/media\/672"}],"wp:attachment":[{"href":"https:\/\/molinoscabrera.com\/index.php\/wp-json\/wp\/v2\/media?parent=671"}],"wp:term":[{"taxonomy":"product_cat","embeddable":true,"href":"https:\/\/molinoscabrera.com\/index.php\/wp-json\/wp\/v2\/product_cat?post=671"},{"taxonomy":"product_tag","embeddable":true,"href":"https:\/\/molinoscabrera.com\/index.php\/wp-json\/wp\/v2\/product_tag?post=671"}],"curies":[{"name":"wp","href":"https:\/\/api.w.org\/{rel}","templated":true}]}}