{"id":697,"date":"2023-07-19T04:24:14","date_gmt":"2023-07-19T04:24:14","guid":{"rendered":"https:\/\/molinoscabrera.com\/?page_id=697"},"modified":"2023-07-19T04:32:27","modified_gmt":"2023-07-19T04:32:27","slug":"aviso-de-privacidad","status":"publish","type":"page","link":"https:\/\/molinoscabrera.com\/index.php\/aviso-de-privacidad\/","title":{"rendered":"AVISO DE PRIVACIDAD"},"content":{"rendered":"\t\t<div data-elementor-type=\"wp-page\" data-elementor-id=\"697\" class=\"elementor elementor-697\" data-elementor-post-type=\"page\">\n\t\t\t\t\t\t<section class=\"elementor-section elementor-top-section elementor-element elementor-element-306f4d0 elementor-section-boxed elementor-section-height-default elementor-section-height-default\" data-id=\"306f4d0\" data-element_type=\"section\">\n\t\t\t\t\t\t<div class=\"elementor-container elementor-column-gap-default\">\n\t\t\t\t\t<div class=\"elementor-column elementor-col-100 elementor-top-column elementor-element elementor-element-5b002b1\" data-id=\"5b002b1\" data-element_type=\"column\">\n\t\t\t<div class=\"elementor-widget-wrap elementor-element-populated\">\n\t\t\t\t\t\t<div class=\"elementor-element elementor-element-23b74aa elementor-widget elementor-widget-heading\" data-id=\"23b74aa\" data-element_type=\"widget\" data-widget_type=\"heading.default\">\n\t\t\t\t<div class=\"elementor-widget-container\">\n\t\t\t<style>\/*! elementor - v3.23.0 - 05-08-2024 *\/\n.elementor-heading-title{padding:0;margin:0;line-height:1}.elementor-widget-heading .elementor-heading-title[class*=elementor-size-]>a{color:inherit;font-size:inherit;line-height:inherit}.elementor-widget-heading .elementor-heading-title.elementor-size-small{font-size:15px}.elementor-widget-heading .elementor-heading-title.elementor-size-medium{font-size:19px}.elementor-widget-heading .elementor-heading-title.elementor-size-large{font-size:29px}.elementor-widget-heading .elementor-heading-title.elementor-size-xl{font-size:39px}.elementor-widget-heading .elementor-heading-title.elementor-size-xxl{font-size:59px}<\/style><h2 class=\"elementor-heading-title elementor-size-default\">AVISO DE PRIVACIDAD<\/h2>\t\t<\/div>\n\t\t\t\t<\/div>\n\t\t\t\t<div class=\"elementor-element elementor-element-6b2c9a8 elementor-widget elementor-widget-text-editor\" data-id=\"6b2c9a8\" data-element_type=\"widget\" data-widget_type=\"text-editor.default\">\n\t\t\t\t<div class=\"elementor-widget-container\">\n\t\t\t<style>\/*! elementor - v3.23.0 - 05-08-2024 *\/\n.elementor-widget-text-editor.elementor-drop-cap-view-stacked .elementor-drop-cap{background-color:#69727d;color:#fff}.elementor-widget-text-editor.elementor-drop-cap-view-framed .elementor-drop-cap{color:#69727d;border:3px solid;background-color:transparent}.elementor-widget-text-editor:not(.elementor-drop-cap-view-default) .elementor-drop-cap{margin-top:8px}.elementor-widget-text-editor:not(.elementor-drop-cap-view-default) .elementor-drop-cap-letter{width:1em;height:1em}.elementor-widget-text-editor .elementor-drop-cap{float:left;text-align:center;line-height:1;font-size:50px}.elementor-widget-text-editor .elementor-drop-cap-letter{display:inline-block}<\/style>\t\t\t\t<p><strong>POL\u00cdTICA DE PRIVACIDAD<\/strong><\/p><p>En cumplimiento de lo dispuesto en la Ley Org\u00e1nica 15\/1999, de 13 de diciembre, de Protecci\u00f3n de Datos de Car\u00e1cter Personal (LOPD) se informa al usuario que todos los datos que nos proporcione ser\u00e1n incorporados a un fichero, creado y mantenido bajo la responsabilidad de MOLINOS CABRERA.<\/p><p>Siempre se va a respetar la confidencialidad de sus datos personales que s\u00f3lo ser\u00e1n utilizados con la finalidad de gestionar los servicios ofrecidos, atender a las solicitudes que nos plantee, realizar tareas administrativas, as\u00ed como remitir informaci\u00f3n t\u00e9cnica, comercial o publicitaria por v\u00eda ordinaria o electr\u00f3nica.<\/p><p>Para ejercer sus derechos de oposici\u00f3n, rectificaci\u00f3n o cancelaci\u00f3n deber\u00e1 dirigirse a la sede de la empresa Calle P\u00edpila no. 475 Colonia el Retiro C.P. 44280 Guadalajara Jalisco, M\u00e9xico.<\/p><p><strong>CONDICIONES DE USO<\/strong><\/p><p>Las condiciones de acceso y uso del presente sitio web se rigen por la legalidad vigente y por el principio de buena fe comprometi\u00e9ndose el usuario a realizar un buen uso de la web. No se permiten conductas que vayan contra la ley, los derechos o intereses de terceros.<\/p><p>Ser usuario de la web de https:\/\/www.molinoscabrera.com implica que reconoce haber le\u00eddo y aceptado las presentes condiciones y lo que las extienda la normativa legal aplicable en esta materia. Si por el motivo que fuere no est\u00e1 de acuerdo con estas condiciones no contin\u00fae usando esta web.<\/p><p>Cualquier tipo de notificaci\u00f3n y\/o reclamaci\u00f3n solamente ser\u00e1 v\u00e1lida por notificaci\u00f3n escrita y\/o correo certificado.<\/p><p><strong>RESPONSABILIDADES<\/strong><\/p><p>Molinos Cabrera no se hace responsable de la informaci\u00f3n y contenidos almacenados en foros, redes sociales o cualquier otro medio que permita a terceros publicar contenidos de forma independiente en la p\u00e1gina web del prestador.<\/p><p>\u00a0<\/p><p>Sin embargo, teniendo en cuenta los art. 11 y 16 de la LSSI-CE, MOLINOS CABRERA se compromete a la retirada o en su caso bloqueo de aquellos contenidos que pudieran afectar o contravenir la legislaci\u00f3n nacional o internacional, derechos de terceros o la moral y el orden p\u00fablico.<\/p><p>\u00a0<\/p><p>Tampoco la empresa se responsabilizar\u00e1 de los da\u00f1os y perjuicios que se produzcan por fallos o malas configuraciones del software instalado en el ordenador del internauta. Se excluye toda responsabilidad por alguna incidencia t\u00e9cnica o fallo que se produzca cuando el usuario se conecte a internet. Igualmente, no se garantiza la inexistencia de interrupciones o errores en el acceso al sitio web.<\/p><p>\u00a0<\/p><p>As\u00ed mismo, Molinos Cabrera se reserva el derecho a actualizar, modificar o eliminar la informaci\u00f3n contenida en su p\u00e1gina web, as\u00ed como la configuraci\u00f3n o presentaci\u00f3n del mismo, en cualquier momento sin asumir alguna responsabilidad por ello.<\/p><p>\u00a0<\/p><p>Le comunicamos que cualquier precio que pueda ver en nuestra web ser\u00e1 solamente orientativo. Si el usuario desea saber con exactitud el precio o si el producto en el momento actual cuenta con alguna oferta de la cual se puede beneficiar ha de acudir a alguna de las tiendas f\u00edsicas con las que cuenta Molinos Cabrera<\/p><p><strong>PROPIEDAD INTELECTUAL E INDUSTRIAL<\/strong><\/p><p>MOLINOS CABRERA es titular de todos los derechos sobre el software de la publicaci\u00f3n digital, as\u00ed como de los derechos de propiedad industrial e intelectual referidos a los contenidos que se incluyan, a excepci\u00f3n de los derechos sobre productos y servicios de car\u00e1cter p\u00fablico que no son propiedad de esta empresa.<\/p><p>Ning\u00fan material publicado en esta web podr\u00e1 ser reproducido, copiado o publicado sin el consentimiento por escrito de Molinos Cabrera<\/p><p>\u00a0<\/p><p>Toda la informaci\u00f3n que se reciba en la web, como comentarios, sugerencias o ideas, se considerar\u00e1 cedida a Molinos Cabrera de manera gratuita. No debe enviarse informaci\u00f3n que NO pueda ser tratada de este modo.<\/p><p>Todos los productos y servicios de estas p\u00e1ginas son propiedad de\u00a0\u00a0 Molinos Cabrera\u00a0<\/p><p>\u00a0<\/p><p><strong>LEY APLICABLE Y JURISDICCI\u00d3N<\/strong><\/p><p>\u00a0<\/p><p>Las presentes condiciones generales se rigen por la legislaci\u00f3n mexicana. Para cualquier litigio que pudiera surgir relacionado con el sitio web o la actividad que en \u00e9l se desarrolla ser\u00e1n competentes Juzgados de Guadalajara, renunciando expresamente el usuario a cualquier otro fuero que pudiera corresponderle.<\/p><p><strong>POL\u00cdTICA DE COOKIES<\/strong><\/p><p><strong>\u00a0<\/strong>Molinos Cabrera por su propia cuenta o la de un tercero contratado para prestaci\u00f3n de servicios de medici\u00f3n, pueden utilizar cookies cuando el usuario navega por el sitio web. Las cookies son ficheros enviados al navegador por medio de un servicio web con la finalidad de registrar las actividades del usuario durante su tiempo de navegaci\u00f3n.<\/p><p>Las cookies utilizadas se asocian \u00fanicamente con un usuario an\u00f3nimo y su ordenador, y no proporcionan por s\u00ed mismas los datos personales del usuario.<\/p><p>Mediante el uso de las cookies resulta posible que el servidor donde se encuentra la web reconozca el navegador web utilizado por el usuario con la finalidad de que la navegaci\u00f3n sea m\u00e1s sencilla. Se utilizan tambi\u00e9n para medir la audiencia y par\u00e1metros del tr\u00e1fico, controlar el proceso y n\u00famero de entradas.<\/p><p>El usuario tiene la posibilidad de configurar su navegador para ser avisado de la recepci\u00f3n de cookies y para impedir su instalaci\u00f3n en su equipo. Por favor consulte las instrucciones y manuales de su navegador para ampliar esta informaci\u00f3n.<\/p><p>Para utilizar el sitio web no es necesario que el usuario permita la instalaci\u00f3n de las cookies enviadas al sitio web, o el tercero que act\u00fae en su nombre, sin perjuicio de que sea necesario que el usuario inicie una sesi\u00f3n tal en cada uno de los servicios cuya prestaci\u00f3n requiera el previo registro.<\/p><p>En todo caso las cookies tienen un car\u00e1cter temporal con la \u00fanica finalidad de hacer m\u00e1s eficaz su transmisi\u00f3n ulterior. En ning\u00fan caso se utilizar\u00e1 cookies para recoger informaci\u00f3n de car\u00e1cter personal.<\/p><p><strong>Aviso Legal<\/strong><\/p><p>De acuerdo con el art\u00edculo 10 de la Ley 34\/2002, de 11 de julio, de Servicios de la Sociedad de la Informaci\u00f3n y de Comercio Electr\u00f3nico ponemos a su disposici\u00f3n los siguientes datos:<\/p><p>Sarah Mar\u00eda Cabrera Puentes que a partir de ahora la llamaremos Molinos Cabrera est\u00e1 domiciliada en la calle P\u00edpila no. 475 Colonia El retiro en Guadalajara Jalisco M\u00e9xico. Inscrita en el Registro Mercantil de Guadalajara Jal.<\/p><p>En la web https:\/\/www.molinoscabrera.com hay una serie de contenidos de car\u00e1cter informativo sobre venta de Molinos.<\/p><p>Su principal objetivo es facilitar a los clientes y al p\u00fablico en general, la informaci\u00f3n relativa a la empresa, a los productos que se ofrecen.<\/p>\t\t\t\t\t\t<\/div>\n\t\t\t\t<\/div>\n\t\t\t\t\t<\/div>\n\t\t<\/div>\n\t\t\t\t\t<\/div>\n\t\t<\/section>\n\t\t\t\t<\/div>\n\t\t","protected":false},"excerpt":{"rendered":"<p>AVISO DE PRIVACIDAD POL\u00cdTICA DE PRIVACIDAD En cumplimiento de lo dispuesto en la Ley Org\u00e1nica 15\/1999, de 13 de diciembre, de Protecci\u00f3n de Datos de Car\u00e1cter Personal (LOPD) se informa al usuario que todos los datos que nos proporcione ser\u00e1n incorporados a un fichero, creado y mantenido bajo la responsabilidad de MOLINOS CABRERA. Siempre se &hellip;<\/p>\n<p class=\"read-more\"> <a class=\"\" href=\"https:\/\/molinoscabrera.com\/index.php\/aviso-de-privacidad\/\"> <span class=\"screen-reader-text\">AVISO DE PRIVACIDAD<\/span> Read More &raquo;<\/a><\/p>\n","protected":false},"author":2,"featured_media":0,"parent":0,"menu_order":0,"comment_status":"closed","ping_status":"closed","template":"","meta":{"site-sidebar-layout":"no-sidebar","site-content-layout":"page-builder","ast-global-header-display":"","ast-banner-title-visibility":"","ast-main-header-display":"","ast-hfb-above-header-display":"","ast-hfb-below-header-display":"","ast-hfb-mobile-header-display":"","site-post-title":"disabled","ast-breadcrumbs-content":"","ast-featured-img":"disabled","footer-sml-layout":"","theme-transparent-header-meta":"","adv-header-id-meta":"","stick-header-meta":"","header-above-stick-meta":"","header-main-stick-meta":"","header-below-stick-meta":"","footnotes":"","_joinchat":[]},"yoast_head":"<!-- This site is optimized with the Yoast SEO plugin v20.12 - https:\/\/yoast.com\/wordpress\/plugins\/seo\/ -->\n<title>AVISO DE PRIVACIDAD - molinoscabrera.com<\/title>\n<meta name=\"robots\" content=\"index, follow, max-snippet:-1, max-image-preview:large, max-video-preview:-1\" \/>\n<link rel=\"canonical\" href=\"https:\/\/molinoscabrera.com\/index.php\/aviso-de-privacidad\/\" \/>\n<meta property=\"og:locale\" content=\"en_US\" \/>\n<meta property=\"og:type\" content=\"article\" \/>\n<meta property=\"og:title\" content=\"AVISO DE PRIVACIDAD - molinoscabrera.com\" \/>\n<meta property=\"og:description\" content=\"AVISO DE PRIVACIDAD POL\u00cdTICA DE PRIVACIDAD En cumplimiento de lo dispuesto en la Ley Org\u00e1nica 15\/1999, de 13 de diciembre, de Protecci\u00f3n de Datos de Car\u00e1cter Personal (LOPD) se informa al usuario que todos los datos que nos proporcione ser\u00e1n incorporados a un fichero, creado y mantenido bajo la responsabilidad de MOLINOS CABRERA. Siempre se &hellip; AVISO DE PRIVACIDAD Read More &raquo;\" \/>\n<meta property=\"og:url\" content=\"https:\/\/molinoscabrera.com\/index.php\/aviso-de-privacidad\/\" \/>\n<meta property=\"og:site_name\" content=\"molinoscabrera.com\" \/>\n<meta property=\"article:modified_time\" content=\"2023-07-19T04:32:27+00:00\" \/>\n<meta name=\"twitter:card\" content=\"summary_large_image\" \/>\n<meta name=\"twitter:label1\" content=\"Est. reading time\" \/>\n\t<meta name=\"twitter:data1\" content=\"5 minutes\" \/>\n<script type=\"application\/ld+json\" class=\"yoast-schema-graph\">{\"@context\":\"https:\/\/schema.org\",\"@graph\":[{\"@type\":\"WebPage\",\"@id\":\"https:\/\/molinoscabrera.com\/index.php\/aviso-de-privacidad\/\",\"url\":\"https:\/\/molinoscabrera.com\/index.php\/aviso-de-privacidad\/\",\"name\":\"AVISO DE PRIVACIDAD - molinoscabrera.com\",\"isPartOf\":{\"@id\":\"https:\/\/molinoscabrera.com\/#website\"},\"datePublished\":\"2023-07-19T04:24:14+00:00\",\"dateModified\":\"2023-07-19T04:32:27+00:00\",\"breadcrumb\":{\"@id\":\"https:\/\/molinoscabrera.com\/index.php\/aviso-de-privacidad\/#breadcrumb\"},\"inLanguage\":\"en-US\",\"potentialAction\":[{\"@type\":\"ReadAction\",\"target\":[\"https:\/\/molinoscabrera.com\/index.php\/aviso-de-privacidad\/\"]}]},{\"@type\":\"BreadcrumbList\",\"@id\":\"https:\/\/molinoscabrera.com\/index.php\/aviso-de-privacidad\/#breadcrumb\",\"itemListElement\":[{\"@type\":\"ListItem\",\"position\":1,\"name\":\"Inicio\",\"item\":\"https:\/\/molinoscabrera.com\/\"},{\"@type\":\"ListItem\",\"position\":2,\"name\":\"AVISO DE PRIVACIDAD\"}]},{\"@type\":\"WebSite\",\"@id\":\"https:\/\/molinoscabrera.com\/#website\",\"url\":\"https:\/\/molinoscabrera.com\/\",\"name\":\"molinoscabrera.com\",\"description\":\"\",\"publisher\":{\"@id\":\"https:\/\/molinoscabrera.com\/#organization\"},\"potentialAction\":[{\"@type\":\"SearchAction\",\"target\":{\"@type\":\"EntryPoint\",\"urlTemplate\":\"https:\/\/molinoscabrera.com\/?s={search_term_string}\"},\"query-input\":\"required name=search_term_string\"}],\"inLanguage\":\"en-US\"},{\"@type\":\"Organization\",\"@id\":\"https:\/\/molinoscabrera.com\/#organization\",\"name\":\"molinoscabrera.com\",\"url\":\"https:\/\/molinoscabrera.com\/\",\"logo\":{\"@type\":\"ImageObject\",\"inLanguage\":\"en-US\",\"@id\":\"https:\/\/molinoscabrera.com\/#\/schema\/logo\/image\/\",\"url\":\"https:\/\/molinoscabrera.com\/wp-content\/uploads\/2023\/06\/DDE1-1.png\",\"contentUrl\":\"https:\/\/molinoscabrera.com\/wp-content\/uploads\/2023\/06\/DDE1-1.png\",\"width\":966,\"height\":506,\"caption\":\"molinoscabrera.com\"},\"image\":{\"@id\":\"https:\/\/molinoscabrera.com\/#\/schema\/logo\/image\/\"}}]}<\/script>\n<!-- \/ Yoast SEO plugin. -->","yoast_head_json":{"title":"AVISO DE PRIVACIDAD - molinoscabrera.com","robots":{"index":"index","follow":"follow","max-snippet":"max-snippet:-1","max-image-preview":"max-image-preview:large","max-video-preview":"max-video-preview:-1"},"canonical":"https:\/\/molinoscabrera.com\/index.php\/aviso-de-privacidad\/","og_locale":"en_US","og_type":"article","og_title":"AVISO DE PRIVACIDAD - molinoscabrera.com","og_description":"AVISO DE PRIVACIDAD POL\u00cdTICA DE PRIVACIDAD En cumplimiento de lo dispuesto en la Ley Org\u00e1nica 15\/1999, de 13 de diciembre, de Protecci\u00f3n de Datos de Car\u00e1cter Personal (LOPD) se informa al usuario que todos los datos que nos proporcione ser\u00e1n incorporados a un fichero, creado y mantenido bajo la responsabilidad de MOLINOS CABRERA. Siempre se &hellip; AVISO DE PRIVACIDAD Read More &raquo;","og_url":"https:\/\/molinoscabrera.com\/index.php\/aviso-de-privacidad\/","og_site_name":"molinoscabrera.com","article_modified_time":"2023-07-19T04:32:27+00:00","twitter_card":"summary_large_image","twitter_misc":{"Est. reading time":"5 minutes"},"schema":{"@context":"https:\/\/schema.org","@graph":[{"@type":"WebPage","@id":"https:\/\/molinoscabrera.com\/index.php\/aviso-de-privacidad\/","url":"https:\/\/molinoscabrera.com\/index.php\/aviso-de-privacidad\/","name":"AVISO DE PRIVACIDAD - molinoscabrera.com","isPartOf":{"@id":"https:\/\/molinoscabrera.com\/#website"},"datePublished":"2023-07-19T04:24:14+00:00","dateModified":"2023-07-19T04:32:27+00:00","breadcrumb":{"@id":"https:\/\/molinoscabrera.com\/index.php\/aviso-de-privacidad\/#breadcrumb"},"inLanguage":"en-US","potentialAction":[{"@type":"ReadAction","target":["https:\/\/molinoscabrera.com\/index.php\/aviso-de-privacidad\/"]}]},{"@type":"BreadcrumbList","@id":"https:\/\/molinoscabrera.com\/index.php\/aviso-de-privacidad\/#breadcrumb","itemListElement":[{"@type":"ListItem","position":1,"name":"Inicio","item":"https:\/\/molinoscabrera.com\/"},{"@type":"ListItem","position":2,"name":"AVISO DE PRIVACIDAD"}]},{"@type":"WebSite","@id":"https:\/\/molinoscabrera.com\/#website","url":"https:\/\/molinoscabrera.com\/","name":"molinoscabrera.com","description":"","publisher":{"@id":"https:\/\/molinoscabrera.com\/#organization"},"potentialAction":[{"@type":"SearchAction","target":{"@type":"EntryPoint","urlTemplate":"https:\/\/molinoscabrera.com\/?s={search_term_string}"},"query-input":"required name=search_term_string"}],"inLanguage":"en-US"},{"@type":"Organization","@id":"https:\/\/molinoscabrera.com\/#organization","name":"molinoscabrera.com","url":"https:\/\/molinoscabrera.com\/","logo":{"@type":"ImageObject","inLanguage":"en-US","@id":"https:\/\/molinoscabrera.com\/#\/schema\/logo\/image\/","url":"https:\/\/molinoscabrera.com\/wp-content\/uploads\/2023\/06\/DDE1-1.png","contentUrl":"https:\/\/molinoscabrera.com\/wp-content\/uploads\/2023\/06\/DDE1-1.png","width":966,"height":506,"caption":"molinoscabrera.com"},"image":{"@id":"https:\/\/molinoscabrera.com\/#\/schema\/logo\/image\/"}}]}},"_links":{"self":[{"href":"https:\/\/molinoscabrera.com\/index.php\/wp-json\/wp\/v2\/pages\/697"}],"collection":[{"href":"https:\/\/molinoscabrera.com\/index.php\/wp-json\/wp\/v2\/pages"}],"about":[{"href":"https:\/\/molinoscabrera.com\/index.php\/wp-json\/wp\/v2\/types\/page"}],"author":[{"embeddable":true,"href":"https:\/\/molinoscabrera.com\/index.php\/wp-json\/wp\/v2\/users\/2"}],"replies":[{"embeddable":true,"href":"https:\/\/molinoscabrera.com\/index.php\/wp-json\/wp\/v2\/comments?post=697"}],"version-history":[{"count":7,"href":"https:\/\/molinoscabrera.com\/index.php\/wp-json\/wp\/v2\/pages\/697\/revisions"}],"predecessor-version":[{"id":707,"href":"https:\/\/molinoscabrera.com\/index.php\/wp-json\/wp\/v2\/pages\/697\/revisions\/707"}],"wp:attachment":[{"href":"https:\/\/molinoscabrera.com\/index.php\/wp-json\/wp\/v2\/media?parent=697"}],"curies":[{"name":"wp","href":"https:\/\/api.w.org\/{rel}","templated":true}]}}